{"id":8,"date":"2023-10-20T17:07:38","date_gmt":"2023-10-20T15:07:38","guid":{"rendered":"http:\/\/www.schechler.com\/mk\/?page_id=8"},"modified":"2026-01-04T10:43:09","modified_gmt":"2026-01-04T09:43:09","slug":"about","status":"publish","type":"page","link":"http:\/\/www.schechler.com\/mk\/about\/","title":{"rendered":"About"},"content":{"rendered":"<p><strong>Medienprofil Reiseaktivit\u00e4ten, \u00dcbersicht \u00fcber die letzten 20 Stories <\/strong><br \/>\nDownload hier: <a href=\"http:\/\/www.schechler.com\/mk\/wp-content\/uploads\/2026\/01\/Martin_Schechler_Travmedia_Profile-12.2025.pdf\" rel=\"noopener noreferrer\" target=\"_blank\">Martin_Schechler_Travmedia_Profile (12.2025), PDF 700kB<\/a><\/p>\n<h2>BEHIND THE LENS<\/h2>\n<p>MK SCHECHLER<br \/>\nEVENT- AND CONCERTPHOTOGRAHY.<br \/>\nMK SCHECHLER LIVES AND WORKS IN STUTTGART AND LAKE CONSTANCE.<\/p>\n<div id=\"attachment_11831\" style=\"width: 746px\" class=\"wp-caption aligncenter\"><img loading=\"lazy\" decoding=\"async\" aria-describedby=\"caption-attachment-11831\" src=\"http:\/\/www.schechler.com\/mk\/wp-content\/uploads\/2024\/01\/MK_SCHECHLER_20012.jpg\" alt=\"\" width=\"736\" height=\"981\" class=\"size-full wp-image-11831\" srcset=\"http:\/\/www.schechler.com\/mk\/wp-content\/uploads\/2024\/01\/MK_SCHECHLER_20012.jpg 736w, http:\/\/www.schechler.com\/mk\/wp-content\/uploads\/2024\/01\/MK_SCHECHLER_20012-225x300.jpg 225w, http:\/\/www.schechler.com\/mk\/wp-content\/uploads\/2024\/01\/MK_SCHECHLER_20012-250x333.jpg 250w\" sizes=\"auto, (max-width: 736px) 100vw, 736px\" \/><p id=\"caption-attachment-11831\" class=\"wp-caption-text\">MK SCHECHLER 2001<\/p><\/div>\n<p>PHOTOS OF ME HAVE BEEN PUBLISHED IN INTERNATIONAL NEWSPAPERS (IRELAND, FRANCE, SWITZERLAND), MUSIC MAGAZINES, LOCAL NEWSPAPERS IN THE STUTTGART METROPOLITAN AREA AS WELL AS ON GERMAN TELEVISION AND SWISS SCHOOL BOOKS.<\/p>\n<h3>AT WORK<\/h3>\n<p>THX MARTIN OLBRICH FOR TAKING THE PICTURES<\/p>\n<div id=\"attachment_324\" style=\"width: 810px\" class=\"wp-caption aligncenter\"><img loading=\"lazy\" decoding=\"async\" aria-describedby=\"caption-attachment-324\" src=\"http:\/\/www.schechler.com\/mk\/wp-content\/uploads\/2015\/05\/sunrise_avenue_016_MK_SCHECHLER_at_work.jpg\" alt=\"MK Schechler at work (front right) by Sunrise Avenue.\" width=\"800\" height=\"534\" class=\"size-full wp-image-324\" srcset=\"http:\/\/www.schechler.com\/mk\/wp-content\/uploads\/2015\/05\/sunrise_avenue_016_MK_SCHECHLER_at_work.jpg 800w, http:\/\/www.schechler.com\/mk\/wp-content\/uploads\/2015\/05\/sunrise_avenue_016_MK_SCHECHLER_at_work-300x200.jpg 300w, http:\/\/www.schechler.com\/mk\/wp-content\/uploads\/2015\/05\/sunrise_avenue_016_MK_SCHECHLER_at_work-250x167.jpg 250w\" sizes=\"auto, (max-width: 800px) 100vw, 800px\" \/><p id=\"caption-attachment-324\" class=\"wp-caption-text\">MK SCHECHLER (FRONT RIGHT) PHOTOGRAPHING AT A SUNRISE AVENUE CONCERT.<\/p><\/div>\n<div id=\"attachment_423\" style=\"width: 810px\" class=\"wp-caption aligncenter\"><img loading=\"lazy\" decoding=\"async\" aria-describedby=\"caption-attachment-423\" src=\"http:\/\/www.schechler.com\/mk\/wp-content\/uploads\/2015\/05\/martin_s-Kopie-001.jpg\" alt=\"MK SCHECHLER AT WORK.\" width=\"800\" height=\"800\" class=\"size-full wp-image-423\" srcset=\"http:\/\/www.schechler.com\/mk\/wp-content\/uploads\/2015\/05\/martin_s-Kopie-001.jpg 800w, http:\/\/www.schechler.com\/mk\/wp-content\/uploads\/2015\/05\/martin_s-Kopie-001-150x150.jpg 150w, http:\/\/www.schechler.com\/mk\/wp-content\/uploads\/2015\/05\/martin_s-Kopie-001-300x300.jpg 300w, http:\/\/www.schechler.com\/mk\/wp-content\/uploads\/2015\/05\/martin_s-Kopie-001-768x768.jpg 768w, http:\/\/www.schechler.com\/mk\/wp-content\/uploads\/2015\/05\/martin_s-Kopie-001-250x250.jpg 250w, http:\/\/www.schechler.com\/mk\/wp-content\/uploads\/2015\/05\/martin_s-Kopie-001-590x590.jpg 590w\" sizes=\"auto, (max-width: 800px) 100vw, 800px\" \/><p id=\"caption-attachment-423\" class=\"wp-caption-text\">MK SCHECHLER AT WORK.<\/p><\/div>\n","protected":false},"excerpt":{"rendered":"<p>Medienprofil Reiseaktivit\u00e4ten, \u00dcbersicht \u00fcber die letzten 20 Stories Download hier: Martin_Schechler_Travmedia_Profile (12.2025), PDF 700kB BEHIND THE LENS MK SCHECHLER EVENT- AND CONCERTPHOTOGRAHY. MK SCHECHLER LIVES AND WORKS IN STUTTGART AND LAKE CONSTANCE. PHOTOS OF ME HAVE BEEN PUBLISHED IN INTERNATIONAL NEWSPAPERS (IRELAND, FRANCE, SWITZERLAND), MUSIC MAGAZINES, LOCAL NEWSPAPERS IN THE STUTTGART METROPOLITAN AREA AS WELL [&hellip;]<\/p>\n","protected":false},"author":1,"featured_media":0,"parent":0,"menu_order":0,"comment_status":"closed","ping_status":"closed","template":"","meta":{"ngg_post_thumbnail":0,"footnotes":""},"class_list":["post-8","page","type-page","status-publish","hentry"],"_links":{"self":[{"href":"http:\/\/www.schechler.com\/mk\/wp-json\/wp\/v2\/pages\/8","targetHints":{"allow":["GET"]}}],"collection":[{"href":"http:\/\/www.schechler.com\/mk\/wp-json\/wp\/v2\/pages"}],"about":[{"href":"http:\/\/www.schechler.com\/mk\/wp-json\/wp\/v2\/types\/page"}],"author":[{"embeddable":true,"href":"http:\/\/www.schechler.com\/mk\/wp-json\/wp\/v2\/users\/1"}],"replies":[{"embeddable":true,"href":"http:\/\/www.schechler.com\/mk\/wp-json\/wp\/v2\/comments?post=8"}],"version-history":[{"count":0,"href":"http:\/\/www.schechler.com\/mk\/wp-json\/wp\/v2\/pages\/8\/revisions"}],"wp:attachment":[{"href":"http:\/\/www.schechler.com\/mk\/wp-json\/wp\/v2\/media?parent=8"}],"curies":[{"name":"wp","href":"https:\/\/api.w.org\/{rel}","templated":true}]}}